{"id":1713,"date":"2017-06-29T21:02:49","date_gmt":"2017-06-29T21:02:49","guid":{"rendered":"https:\/\/topogstub.dk\/?page_id=1713"},"modified":"2025-04-08T06:43:28","modified_gmt":"2025-04-08T06:43:28","slug":"forside","status":"publish","type":"page","link":"https:\/\/topogstub.dk\/","title":{"rendered":"Forside"},"content":{"rendered":"<section class=\"wpb-content-wrapper\"><p>[vc_row css=&#8221;.vc_custom_1489783326145{margin-top: 0px !important;margin-bottom: 0px !important;padding-top: 0px !important;}&#8221;][vc_column offset=&#8221;vc_hidden-xs&#8221;][rev_slider_vc alias=&#8221;main_slider&#8221;][\/vc_column][\/vc_row][vc_row full_width=&#8221;stretch_row&#8221; el_class=&#8221;secondary_bg_color&#8221; css=&#8221;.vc_custom_1550489235383{background-color: #6dab3c !important;}&#8221; el_id=&#8221;services&#8221;][vc_column][vc_cta h2=&#8221;Kom sikkert i m\u00e5l med topkapning og besk\u00e6ring p\u00e5 din grund&#8221; h2_font_container=&#8221;font_size:20px|color:%23ffffff|line_height:24px&#8221; h2_use_theme_fonts=&#8221;yes&#8221; shape=&#8221;square&#8221; style=&#8221;flat&#8221; color=&#8221;green&#8221; add_button=&#8221;right&#8221; btn_title=&#8221;F\u00e5 et tilbud&#8221; btn_style=&#8221;flat&#8221; btn_color=&#8221;theme_style_2&#8243; btn_align=&#8221;right&#8221; btn_i_align=&#8221;right&#8221; btn_i_icon_fontawesome=&#8221;fa fa-chevron-right&#8221; use_custom_fonts_h2=&#8221;true&#8221; btn_add_icon=&#8221;true&#8221; btn_link=&#8221;url:%23kontakt|||&#8221;][\/vc_cta][\/vc_column][\/vc_row][vc_row full_width=&#8221;stretch_row&#8221; css=&#8221;.vc_custom_1489788301252{padding-top: 61px !important;background-color: #f5f5f5 !important;}&#8221;][vc_column][vc_custom_heading stm_title_font_weight=&#8221;700&#8243; text=&#8221;Vi klarer alt fra rodfr\u00e6sning, til besk\u00e6ring og klatreopgaver&#8221; font_container=&#8221;tag:h2|text_align:center&#8221; use_theme_fonts=&#8221;yes&#8221; css=&#8221;.vc_custom_1498836380329{margin-bottom: 40px !important;}&#8221;][\/vc_column][\/vc_row][vc_row full_width=&#8221;stretch_row&#8221; css=&#8221;.vc_custom_1498837439429{padding-bottom: 60px !important;background-color: #f5f5f5 !important;}&#8221; el_id=&#8221;opgaver&#8221;][vc_column width=&#8221;1\/3&#8243;][vc_row_inner][vc_column_inner][stm_icon_box title_color=&#8221;third&#8221; hide_title_line=&#8221;hide_title_line&#8221; icon=&#8221;fa fa-check&#8221; style=&#8221;icon_left&#8221; icon_size=&#8221;24&#8243; icon_width=&#8221;64&#8243; title=&#8221;Tr\u00e6f\u00e6ldning&#8221;][\/stm_icon_box][stm_spacing sm_spacing=&#8221;30px&#8221; xs_spacing=&#8221;30px&#8221; lg_spacing=&#8221;15px&#8221; md_spacing=&#8221;15px&#8221;][\/vc_column_inner][vc_column_inner][stm_icon_box title_color=&#8221;third&#8221; hide_title_line=&#8221;hide_title_line&#8221; icon=&#8221;fa fa-check&#8221; style=&#8221;icon_left&#8221; icon_size=&#8221;24&#8243; icon_width=&#8221;64&#8243; title=&#8221;Rodfr\u00e6sning&#8221;][\/stm_icon_box][stm_spacing sm_spacing=&#8221;30px&#8221; xs_spacing=&#8221;30px&#8221; lg_spacing=&#8221;15px&#8221; md_spacing=&#8221;15px&#8221;][\/vc_column_inner][\/vc_row_inner][vc_row_inner][vc_column_inner][stm_icon_box title_color=&#8221;third&#8221; hide_title_line=&#8221;hide_title_line&#8221; icon=&#8221;fa fa-check&#8221; style=&#8221;icon_left&#8221; icon_size=&#8221;24&#8243; icon_width=&#8221;64&#8243; title=&#8221;Flishugning&#8221;][\/stm_icon_box][stm_spacing sm_spacing=&#8221;30px&#8221; xs_spacing=&#8221;30px&#8221; lg_spacing=&#8221;15px&#8221; md_spacing=&#8221;15px&#8221;][\/vc_column_inner][\/vc_row_inner][\/vc_column][vc_column width=&#8221;1\/3&#8243;][vc_row_inner][vc_column_inner][stm_icon_box title_color=&#8221;third&#8221; hide_title_line=&#8221;hide_title_line&#8221; icon=&#8221;fa fa-check&#8221; style=&#8221;icon_left&#8221; icon_size=&#8221;24&#8243; icon_width=&#8221;64&#8243; title=&#8221;Topkapning&#8221;][\/stm_icon_box][stm_spacing sm_spacing=&#8221;30px&#8221; xs_spacing=&#8221;30px&#8221; lg_spacing=&#8221;15px&#8221; md_spacing=&#8221;15px&#8221;][\/vc_column_inner][vc_column_inner][stm_icon_box title_color=&#8221;third&#8221; hide_title_line=&#8221;hide_title_line&#8221; icon=&#8221;fa fa-check&#8221; style=&#8221;icon_left&#8221; icon_size=&#8221;24&#8243; icon_width=&#8221;64&#8243; title=&#8221;Besk\u00e6ring&#8221;][\/stm_icon_box][\/vc_column_inner][\/vc_row_inner][stm_spacing sm_spacing=&#8221;30px&#8221; xs_spacing=&#8221;30px&#8221; lg_spacing=&#8221;15px&#8221; md_spacing=&#8221;15px&#8221;][vc_row_inner][vc_column_inner][stm_icon_box title_color=&#8221;third&#8221; hide_title_line=&#8221;hide_title_line&#8221; icon=&#8221;fa fa-check&#8221; style=&#8221;icon_left&#8221; icon_size=&#8221;24&#8243; icon_width=&#8221;64&#8243; title=&#8221;Klatreopgaver&#8221;][\/stm_icon_box][\/vc_column_inner][\/vc_row_inner][\/vc_column][vc_column width=&#8221;1\/3&#8243;][stm_info_box style=&#8221;style_5&#8243; icon=&#8221;stm-phone_13_2&#8243; title=&#8221;F\u00e5 et uforpligtende tilbud &#8211; ring nu!&#8221; link=&#8221;url:tel%3A51883008|title:Ring%20p%C3%A5%205188%203008&#8243; css=&#8221;.vc_custom_1744094608667{margin-bottom: 0px !important;}&#8221;]Med base i Dronningm\u00f8lle\u00a0udf\u00f8rer vi tr\u00e6f\u00e6ldning og klatreopgaver i hele Nordsj\u00e6lland. Uddannet p\u00e5 Skovskolen, mange \u00e5rs erfaring og fuldt forsikret.[\/stm_info_box][stm_spacing sm_spacing=&#8221;30px&#8221; xs_spacing=&#8221;30px&#8221; lg_spacing=&#8221;30px&#8221; md_spacing=&#8221;30px&#8221;][\/vc_column][\/vc_row][vc_row full_width=&#8221;stretch_row&#8221; disable_element=&#8221;yes&#8221; css=&#8221;.vc_custom_1498898124179{padding-bottom: 60px !important;background-color: #f5f5f5 !important;}&#8221;][vc_column width=&#8221;1\/3&#8243;][vc_row_inner][vc_column_inner][stm_info_box style=&#8221;style_3&#8243; title_icon=&#8221;stm-check&#8221; icon=&#8221;fa fa-chevron-circle-right&#8221; title=&#8221;Topkapning og besk\u00e6ring&#8221; link=&#8221;url:http%3A%2F%2Fnordahl.wtw.dk%2Fkontakt-os%2F|||&#8221; css=&#8221;.vc_custom_1498771770654{margin-bottom: 0px !important;}&#8221; image=&#8221;1734&#8243;]Lorem ipsum dolor sit amet, consectetur adipiscing elit. Nulla at porttitor urna. Sed et luctus lorem.[\/stm_info_box][stm_spacing sm_spacing=&#8221;30px&#8221; xs_spacing=&#8221;30px&#8221; lg_spacing=&#8221;15px&#8221; md_spacing=&#8221;15px&#8221;][\/vc_column_inner][vc_column_inner][stm_info_box style=&#8221;style_3&#8243; title_icon=&#8221;stm-check&#8221; icon=&#8221;fa fa-chevron-circle-right&#8221; title=&#8221;Flise &amp; klinkearbejde&#8221; link=&#8221;url:http%3A%2F%2Fnordahl.wtw.dk%2Fkontakt-os%2F|||&#8221; css=&#8221;.vc_custom_1498772190088{margin-bottom: 0px !important;}&#8221; image=&#8221;1736&#8243;]Lorem ipsum dolor sit amet, consectetur adipiscing elit. Nulla at porttitor urna. Sed et luctus lorem.[\/stm_info_box][\/vc_column_inner][\/vc_row_inner][\/vc_column][vc_column width=&#8221;1\/3&#8243;][vc_row_inner][vc_column_inner][stm_info_box style=&#8221;style_3&#8243; title_icon=&#8221;stm-check&#8221; title=&#8221;Facaderenovering&#8221; link=&#8221;url:%23||&#8221; css=&#8221;.vc_custom_1498771905736{margin-bottom: 0px !important;}&#8221; image=&#8221;1736&#8243;]Lorem ipsum dolor sit amet, consectetur adipiscing elit. Nulla at porttitor urna. Sed et luctus lorem.[\/stm_info_box][stm_spacing sm_spacing=&#8221;30px&#8221; xs_spacing=&#8221;30px&#8221; lg_spacing=&#8221;15px&#8221; md_spacing=&#8221;15px&#8221;][\/vc_column_inner][vc_column_inner][stm_info_box style=&#8221;style_3&#8243; title_icon=&#8221;stm-check&#8221; title=&#8221;Opmuring og tilbygning&#8221; link=&#8221;url:%23||&#8221; css=&#8221;.vc_custom_1498772199873{margin-bottom: 0px !important;}&#8221; image=&#8221;1734&#8243;]Lorem ipsum dolor sit amet, consectetur adipiscing elit. Nulla at porttitor urna. Sed et luctus lorem.[\/stm_info_box][\/vc_column_inner][\/vc_row_inner][\/vc_column][vc_column width=&#8221;1\/3&#8243;][stm_info_box style=&#8221;style_5&#8243; icon=&#8221;stm-envelope&#8221; title=&#8221;F\u00e5 et uforpligtende tilbud &#8211; ring nu!&#8221; link=&#8221;url:%23kontakt|title:Kontakt%20os%20allerede%20i%20dag||&#8221; css=&#8221;.vc_custom_1498836617977{margin-bottom: 0px !important;}&#8221;]Vores mange \u00e5rs erfaring og en lang r\u00e6kke glade og tilfredse kunder, giver os selvtilliden til at kunne sige, at du burde overveje os, inden du v\u00e6lger din udbyder til servicering af udend\u00f8rsarealer.<\/p>\n<p>Skriv eller ring til os, og lad os f\u00e5 en snak om jeres arealer og hvorfor du skal v\u00e6lge os.[\/stm_info_box][stm_spacing sm_spacing=&#8221;30px&#8221; xs_spacing=&#8221;30px&#8221; lg_spacing=&#8221;30px&#8221; md_spacing=&#8221;30px&#8221;][\/vc_column][\/vc_row][vc_row full_width=&#8221;stretch_row&#8221; disable_element=&#8221;yes&#8221; css=&#8221;.vc_custom_1498836480024{margin-bottom: 0px !important;padding-top: 77px !important;padding-bottom: 50px !important;background-image: url(http:\/\/vascandia.wtw.dk\/wp-content\/uploads\/2015\/12\/blurd3-28.jpg?id=1820) !important;background-position: center !important;background-repeat: no-repeat !important;background-size: cover !important;}&#8221; el_class=&#8221;fixed_bg&#8221; el_id=&#8221;services&#8221;][vc_column][vc_custom_heading stripe_pos=&#8221;hide&#8221; text=&#8221;Murerfirmaet Morten Nordahl<br \/>\n<mark>Mange \u00e5rs erfaring indenfor murerarbejde<\/mark>&#8221; font_container=&#8221;tag:h1|text_align:center|line_height:45px&#8221; use_theme_fonts=&#8221;yes&#8221; css=&#8221;.vc_custom_1489788852800{margin-bottom: 42px !important;}&#8221;][vc_row_inner disable_element=&#8221;yes&#8221;][vc_column_inner width=&#8221;1\/3&#8243;][stm_icon_box hide_title_line=&#8221;hide_title_line&#8221; icon=&#8221;stm-docs7&#8243; style=&#8221;icon_top_transparent&#8221; icon_size=&#8221;&#8221; icon_color=&#8221;secondary&#8221; title_size=&#8221;14&#8243; title_line_height=&#8221;18&#8243; title=&#8221;321 projects<br \/>\ncompleted&#8221;][\/stm_icon_box][\/vc_column_inner][vc_column_inner width=&#8221;1\/3&#8243;][stm_icon_box title_color=&#8221;secondary&#8221; hide_title_line=&#8221;hide_title_line&#8221; icon=&#8221;stm-user7&#8243; style=&#8221;icon_top_transparent&#8221; icon_size=&#8221;&#8221; icon_color=&#8221;secondary&#8221; title_size=&#8221;14&#8243; title_line_height=&#8221;18&#8243; title=&#8221;29 workers<br \/>\nemployed&#8221;][\/stm_icon_box][\/vc_column_inner][vc_column_inner width=&#8221;1\/3&#8243;][stm_icon_box hide_title_line=&#8221;hide_title_line&#8221; icon=&#8221;stm-cup7&#8243; style=&#8221;icon_top_transparent&#8221; icon_size=&#8221;&#8221; title_size=&#8221;14&#8243; title_line_height=&#8221;18&#8243; title=&#8221;125 awards<br \/>\nwinning&#8221;][\/stm_icon_box][\/vc_column_inner][vc_column_inner width=&#8221;1\/3&#8243;][stm_icon_box hide_title_line=&#8221;hide_title_line&#8221; icon=&#8221;stm-aim7&#8243; style=&#8221;icon_top_transparent&#8221; icon_size=&#8221;&#8221; title_size=&#8221;14&#8243; title_line_height=&#8221;18&#8243; title=&#8221;100% satisfied<br \/>\ncustomers&#8221;][\/stm_icon_box][\/vc_column_inner][vc_column_inner width=&#8221;1\/3&#8243;][stm_icon_box hide_title_line=&#8221;hide_title_line&#8221; icon=&#8221;stm-aim7&#8243; style=&#8221;icon_top_transparent&#8221; icon_size=&#8221;&#8221; title_size=&#8221;14&#8243; title_line_height=&#8221;18&#8243; title=&#8221;100% satisfied<br \/>\ncustomers&#8221;][\/stm_icon_box][\/vc_column_inner][vc_column_inner width=&#8221;1\/3&#8243;][stm_icon_box hide_title_line=&#8221;hide_title_line&#8221; icon=&#8221;stm-aim7&#8243; style=&#8221;icon_top_transparent&#8221; icon_size=&#8221;&#8221; title_size=&#8221;14&#8243; title_line_height=&#8221;18&#8243; title=&#8221;100% satisfied<br \/>\ncustomers&#8221;][\/stm_icon_box][\/vc_column_inner][\/vc_row_inner][vc_row_inner][vc_column_inner width=&#8221;1\/3&#8243;][stm_icon_box title_color=&#8221;third&#8221; hide_title_line=&#8221;hide_title_line&#8221; icon=&#8221;fa fa-check&#8221; style=&#8221;icon_left&#8221; icon_size=&#8221;24&#8243; icon_width=&#8221;64&#8243; title=&#8221;Badev\u00e6relse renovering&#8221;]sdg fsdg sdg sdg sdgf sdg f, sdgf sdg sdg sdfgsdfgs dgsdfg.\u00a0sdfg sdg sdgf sdgf sdg sdgs dgf sdfgsdf gdfgh dfgh dfh dfh dfh dfh[\/stm_icon_box][stm_spacing sm_spacing=&#8221;30px&#8221; xs_spacing=&#8221;30px&#8221; lg_spacing=&#8221;15px&#8221; md_spacing=&#8221;15px&#8221;][\/vc_column_inner][vc_column_inner width=&#8221;1\/3&#8243;][stm_icon_box title_color=&#8221;third&#8221; hide_title_line=&#8221;hide_title_line&#8221; icon=&#8221;fa fa-check&#8221; style=&#8221;icon_left&#8221; icon_size=&#8221;24&#8243; icon_width=&#8221;64&#8243; title=&#8221;Facadepuds og renovering&#8221;]sdg fsdg sdg sdg sdgf sdg f, sdgf sdg sdg sdfgsdfgs dgsdfg.\u00a0sdfg sdg sdgf sdgf sdg sdgs dgf sdfgsdf gdfgh dfgh dfh dfh dfh dfh[\/stm_icon_box][stm_spacing sm_spacing=&#8221;30px&#8221; xs_spacing=&#8221;30px&#8221; lg_spacing=&#8221;15px&#8221; md_spacing=&#8221;15px&#8221;][\/vc_column_inner][vc_column_inner width=&#8221;1\/3&#8243;][stm_icon_box title_color=&#8221;third&#8221; hide_title_line=&#8221;hide_title_line&#8221; icon=&#8221;fa fa-check&#8221; style=&#8221;icon_left&#8221; icon_size=&#8221;24&#8243; icon_width=&#8221;64&#8243; title=&#8221;Vandskuring og pudsning&#8221;]sdg fsdg sdg sdg sdgf sdg f, sdgf sdg sdg sdfgsdfgs dgsdfg.\u00a0sdfg sdg sdgf sdgf sdg sdgs dgf sdfgsdf gdfgh dfgh dfh dfh dfh dfh[\/stm_icon_box][stm_spacing sm_spacing=&#8221;30px&#8221; xs_spacing=&#8221;30px&#8221; lg_spacing=&#8221;15px&#8221; md_spacing=&#8221;15px&#8221;][\/vc_column_inner][vc_column_inner width=&#8221;1\/3&#8243;][stm_icon_box title_color=&#8221;third&#8221; hide_title_line=&#8221;hide_title_line&#8221; icon=&#8221;fa fa-check&#8221; style=&#8221;icon_left&#8221; icon_size=&#8221;24&#8243; icon_width=&#8221;64&#8243; title=&#8221;Flise- og klinkearbejde&#8221;]sdg fsdg sdg sdg sdgf sdg f, sdgf sdg sdg sdfgsdfgs dgsdfg.\u00a0sdfg sdg sdgf sdgf sdg sdgs dgf sdfgsdf gdfgh dfgh dfh dfh dfh dfh[\/stm_icon_box][\/vc_column_inner][vc_column_inner width=&#8221;1\/3&#8243;][stm_icon_box title_color=&#8221;third&#8221; hide_title_line=&#8221;hide_title_line&#8221; icon=&#8221;fa fa-check&#8221; style=&#8221;icon_left&#8221; icon_size=&#8221;24&#8243; icon_width=&#8221;64&#8243; title=&#8221;Nybyggeri&#8221;]sdg fsdg sdg sdg sdgf sdg f, sdgf sdg sdg sdfgsdfgs dgsdfg.\u00a0sdfg sdg sdgf sdgf sdg sdgs dgf sdfgsdf gdfgh dfgh dfh dfh dfh dfh[\/stm_icon_box][\/vc_column_inner][vc_column_inner width=&#8221;1\/3&#8243;][stm_icon_box title_color=&#8221;third&#8221; hide_title_line=&#8221;hide_title_line&#8221; icon=&#8221;fa fa-check&#8221; style=&#8221;icon_left&#8221; icon_size=&#8221;24&#8243; icon_width=&#8221;64&#8243; title=&#8221;Erhvervsbyggeri&#8221;]sdg fsdg sdg sdg sdgf sdg f, sdgf sdg sdg sdfgsdfgs dgsdfg.\u00a0sdfg sdg sdgf sdgf sdg sdgs dgf sdfgsdf gdfgh dfgh dfh dfh dfh dfh[\/stm_icon_box][\/vc_column_inner][\/vc_row_inner][\/vc_column][\/vc_row][vc_row full_width=&#8221;stretch_row&#8221; css=&#8221;.vc_custom_1498899298407{margin-bottom: 61px !important;padding-top: 36px !important;padding-bottom: 45px !important;background-image: url(https:\/\/topogstub.dk\/wp-content\/uploads\/2017\/06\/slider-bg04.jpg?id=1703) !important;background-position: center !important;background-repeat: no-repeat !important;background-size: cover !important;}&#8221; el_class=&#8221;overlay_2&#8243; el_id=&#8221;kontakt&#8221;][vc_column][vc_custom_heading stripe_pos=&#8221;hide&#8221; text=&#8221;<mark>Vi l\u00f8ser alle tr\u00e6f\u00e6ldningsopgaver &#8211; store som sm\u00e5<\/mark><br \/>\nKontakt os i dag og h\u00f8r hvordan vi kan hj\u00e6lpe dig&#8221; font_container=&#8221;tag:h5|font_size:28px|text_align:center|color:%23ffffff|line_height:34px&#8221; use_theme_fonts=&#8221;yes&#8221; stripe_hide=&#8221;yes&#8221;][\/vc_column][\/vc_row][vc_row css=&#8221;.vc_custom_1498898752337{margin-bottom: 46px !important;}&#8221;][vc_column][vc_custom_heading stripe_pos=&#8221;between&#8221; text=&#8221;Hvordan kan vi hj\u00e6lpe dig?&#8221; font_container=&#8221;tag:h2|text_align:center&#8221; use_theme_fonts=&#8221;yes&#8221; css=&#8221;.vc_custom_1498898882079{margin-bottom: 39px !important;}&#8221; subtitle=&#8221;Vi udf\u00f8rer alle typer opgaver indenfor tr\u00e6f\u00e6ldning, besk\u00e6ring, rodfr\u00e6sning. Beskriv din opgave nedenfor &#8211; s\u00e5 vender vi hurtigt tilbage.&#8221;]\n<div class=\"wpcf7 no-js\" id=\"wpcf7-f1178-o1\" lang=\"en-US\" dir=\"ltr\">\n<div class=\"screen-reader-response\"><p role=\"status\" aria-live=\"polite\" aria-atomic=\"true\"><\/p> <ul><\/ul><\/div>\n<form action=\"\/index.php?rest_route=%2Fwp%2Fv2%2Fpages%2F1713#wpcf7-f1178-o1\" method=\"post\" class=\"wpcf7-form init\" aria-label=\"Contact form\" novalidate=\"novalidate\" data-status=\"init\">\n<div style=\"display: none;\">\n<input type=\"hidden\" name=\"_wpcf7\" value=\"1178\" \/>\n<input type=\"hidden\" name=\"_wpcf7_version\" value=\"5.7.7\" \/>\n<input type=\"hidden\" name=\"_wpcf7_locale\" value=\"en_US\" \/>\n<input type=\"hidden\" name=\"_wpcf7_unit_tag\" value=\"wpcf7-f1178-o1\" \/>\n<input type=\"hidden\" name=\"_wpcf7_container_post\" value=\"0\" \/>\n<input type=\"hidden\" name=\"_wpcf7_posted_data_hash\" value=\"\" \/>\n<\/div>\n<div class=\"feedback_form\">\n        <div class=\"input-group\">\n            <span class=\"wpcf7-form-control-wrap\" data-name=\"message\"><textarea cols=\"40\" rows=\"10\" class=\"wpcf7-form-control wpcf7-textarea wpcf7-validates-as-required height147\" aria-required=\"true\" aria-invalid=\"false\" placeholder=\"Beskriv din opgave i detaljer *\" name=\"message\"><\/textarea><\/span>\n        <\/div>\n        <div class=\"input-group\">\n            <span class=\"wpcf7-form-control-wrap\" data-name=\"yourname\"><input size=\"40\" class=\"wpcf7-form-control wpcf7-text wpcf7-validates-as-required\" aria-required=\"true\" aria-invalid=\"false\" placeholder=\"Dit navn *\" value=\"\" type=\"text\" name=\"yourname\" \/><\/span>\n        <\/div>\n        <div class=\"input-group\">\n            <span class=\"wpcf7-form-control-wrap\" data-name=\"email-750\"><input size=\"40\" class=\"wpcf7-form-control wpcf7-text wpcf7-email wpcf7-validates-as-required wpcf7-validates-as-email\" aria-required=\"true\" aria-invalid=\"false\" placeholder=\"E-mail *\" value=\"\" type=\"email\" name=\"email-750\" \/><\/span>\n        <\/div>\n        <div class=\"input-group\">\n            <button type=\"submit\" class=\"button size-lg icon_right\">Send foresp\u00f8rgsel <i class=\"fa fa-chevron-right\"><\/i><\/button>\n        <\/div>\n<\/div><div class=\"wpcf7-response-output\" aria-hidden=\"true\"><\/div>\n<\/form>\n<\/div>\n[\/vc_column][\/vc_row][vc_row disable_element=&#8221;yes&#8221; css=&#8221;.vc_custom_1498898690398{margin-bottom: 46px !important;}&#8221; el_id=&#8221;referencer&#8221;][vc_column][vc_custom_heading stripe_pos=&#8221;between&#8221; text=&#8221;Det siger vores kunder&#8230;&#8221; font_container=&#8221;tag:h2|text_align:center&#8221; use_theme_fonts=&#8221;yes&#8221; css=&#8221;.vc_custom_1498836538008{margin-bottom: 39px !important;}&#8221; subtitle=&#8221;Vi udf\u00f8rer arbejde b\u00e5de for private og erhverv. Vi har et st\u00e6rkt netv\u00e6rk af h\u00e5ndv\u00e6rkere og entrepren\u00f8rer hvis kvalitet vi kan st\u00e5 indenfor&#8230; derfor kan vi klare opgaver af alle st\u00f8rrelser.&#8221;][stm_testimonials_carousel style=&#8221;style_2&#8243; count=&#8221;6&#8243; per_row=&#8221;3&#8243; autoplay_carousel=&#8221;yes&#8221; company_position_inline=&#8221;yes&#8221;][\/vc_column][\/vc_row][vc_row full_width=&#8221;stretch_row&#8221; disable_element=&#8221;yes&#8221; css=&#8221;.vc_custom_1516087651403{padding-top: 55px !important;padding-bottom: 50px !important;background-image: url(https:\/\/topogstub.dk\/wp-content\/uploads\/2017\/06\/slider-bg02.jpg?id=1701) !important;background-position: center !important;background-repeat: no-repeat !important;background-size: cover !important;}&#8221; el_class=&#8221;overlay_2&#8243;][vc_column width=&#8221;1\/3&#8243;][vc_custom_heading text=&#8221;\u00d8nsker du en opringning?&#8221; font_container=&#8221;tag:h3|text_align:left|color:%23ffffff&#8221; use_theme_fonts=&#8221;yes&#8221; css=&#8221;.vc_custom_1489791427850{margin-bottom: 22px !important;}&#8221;][vc_column_text]<span style=\"color: #ffffff;\">Udfyld formularen, s\u00e5 vender vi tilbage enten telefonisk eller pr. email.<\/span>[\/vc_column_text][\/vc_column][vc_column width=&#8221;2\/3&#8243;][stm_spacing lg_spacing=&#8221;26px&#8221; md_spacing=&#8221;26px&#8221; sm_spacing=&#8221;26px&#8221; xs_spacing=&#8221;30px&#8221;]\n<div class=\"wpcf7 no-js\" id=\"wpcf7-f1534-o2\" lang=\"en-US\" dir=\"ltr\">\n<div class=\"screen-reader-response\"><p role=\"status\" aria-live=\"polite\" aria-atomic=\"true\"><\/p> <ul><\/ul><\/div>\n<form action=\"\/index.php?rest_route=%2Fwp%2Fv2%2Fpages%2F1713#wpcf7-f1534-o2\" method=\"post\" class=\"wpcf7-form init\" aria-label=\"Contact form\" novalidate=\"novalidate\" data-status=\"init\">\n<div style=\"display: none;\">\n<input type=\"hidden\" name=\"_wpcf7\" value=\"1534\" \/>\n<input type=\"hidden\" name=\"_wpcf7_version\" value=\"5.7.7\" \/>\n<input type=\"hidden\" name=\"_wpcf7_locale\" value=\"en_US\" \/>\n<input type=\"hidden\" name=\"_wpcf7_unit_tag\" value=\"wpcf7-f1534-o2\" \/>\n<input type=\"hidden\" name=\"_wpcf7_container_post\" value=\"0\" \/>\n<input type=\"hidden\" name=\"_wpcf7_posted_data_hash\" value=\"\" \/>\n<\/div>\n<div class=\"request_callback\">\n    <h3>Vi vender hurtigt tilbage...<\/h3>\n    <div class=\"row\">\n        <div class=\"col-lg-4 col-md-4 col-sm-4 col-xs-12\">\n            <div class=\"input-group\">\n                <span class=\"wpcf7-form-control-wrap\" data-name=\"yourname\"><input size=\"40\" class=\"wpcf7-form-control wpcf7-text wpcf7-validates-as-required\" aria-required=\"true\" aria-invalid=\"false\" placeholder=\"Navn*\" value=\"\" type=\"text\" name=\"yourname\" \/><\/span>\n            <\/div>\n        <\/div>\n        <div class=\"col-lg-4 col-md-4 col-sm-4 col-xs-12\">\n            <div class=\"input-group\">\n                <span class=\"wpcf7-form-control-wrap\" data-name=\"text-847\"><input size=\"40\" class=\"wpcf7-form-control wpcf7-text\" aria-invalid=\"false\" placeholder=\"Telefon\" value=\"\" type=\"text\" name=\"text-847\" \/><\/span>\n            <\/div>\n        <\/div>\n        <div class=\"col-lg-4 col-md-4 col-sm-4 col-xs-12\">\n            <div class=\"input-group\">\n                <span class=\"wpcf7-form-control-wrap\" data-name=\"email-750\"><input size=\"40\" class=\"wpcf7-form-control wpcf7-text wpcf7-email wpcf7-validates-as-required wpcf7-validates-as-email\" aria-required=\"true\" aria-invalid=\"false\" placeholder=\"Email\" value=\"\" type=\"email\" name=\"email-750\" \/><\/span>\n            <\/div>\n        <\/div>\n        <div class=\"stm_request_callback_submit\">\n            <div class=\"input-group\">\n                <button type=\"submit\" class=\"button size-lg icon_right\">Send <i class=\"fa fa-chevron-right\"><\/i><\/button>\n            <\/div>\n        <\/div>\n    <\/div>\n<\/div><div class=\"wpcf7-response-output\" aria-hidden=\"true\"><\/div>\n<\/form>\n<\/div>\n[\/vc_column][\/vc_row]<\/p>\n<\/section>","protected":false},"excerpt":{"rendered":"<p>[vc_row css=&#8221;.vc_custom_1489783326145{margin-top: 0px !important;margin-bottom: 0px !important;padding-top: 0px !important;}&#8221;][vc_column offset=&#8221;vc_hidden-xs&#8221;][rev_slider_vc alias=&#8221;main_slider&#8221;][\/vc_column][\/vc_row][vc_row full_width=&#8221;stretch_row&#8221; el_class=&#8221;secondary_bg_color&#8221; css=&#8221;.vc_custom_1550489235383{background-color: #6dab3c !important;}&#8221; el_id=&#8221;services&#8221;][vc_column][vc_cta h2=&#8221;Kom sikkert i m\u00e5l med topkapning og besk\u00e6ring p\u00e5 din grund&#8221; h2_font_container=&#8221;font_size:20px|color:%23ffffff|line_height:24px&#8221; h2_use_theme_fonts=&#8221;yes&#8221; shape=&#8221;square&#8221; style=&#8221;flat&#8221; color=&#8221;green&#8221; add_button=&#8221;right&#8221; btn_title=&#8221;F\u00e5 et tilbud&#8221; btn_style=&#8221;flat&#8221; btn_color=&#8221;theme_style_2&#8243; btn_align=&#8221;right&#8221; btn_i_align=&#8221;right&#8221; btn_i_icon_fontawesome=&#8221;fa fa-chevron-right&#8221; use_custom_fonts_h2=&#8221;true&#8221; btn_add_icon=&#8221;true&#8221; btn_link=&#8221;url:%23kontakt|||&#8221;][\/vc_cta][\/vc_column][\/vc_row][vc_row full_width=&#8221;stretch_row&#8221; css=&#8221;.vc_custom_1489788301252{padding-top: 61px !important;background-color: #f5f5f5 !important;}&#8221;][vc_column][vc_custom_heading stm_title_font_weight=&#8221;700&#8243; text=&#8221;Vi klarer alt<\/p>\n","protected":false},"author":1,"featured_media":0,"parent":0,"menu_order":0,"comment_status":"closed","ping_status":"closed","template":"","meta":[],"_links":{"self":[{"href":"https:\/\/topogstub.dk\/index.php?rest_route=\/wp\/v2\/pages\/1713"}],"collection":[{"href":"https:\/\/topogstub.dk\/index.php?rest_route=\/wp\/v2\/pages"}],"about":[{"href":"https:\/\/topogstub.dk\/index.php?rest_route=\/wp\/v2\/types\/page"}],"author":[{"embeddable":true,"href":"https:\/\/topogstub.dk\/index.php?rest_route=\/wp\/v2\/users\/1"}],"replies":[{"embeddable":true,"href":"https:\/\/topogstub.dk\/index.php?rest_route=%2Fwp%2Fv2%2Fcomments&post=1713"}],"version-history":[{"count":58,"href":"https:\/\/topogstub.dk\/index.php?rest_route=\/wp\/v2\/pages\/1713\/revisions"}],"predecessor-version":[{"id":1850,"href":"https:\/\/topogstub.dk\/index.php?rest_route=\/wp\/v2\/pages\/1713\/revisions\/1850"}],"wp:attachment":[{"href":"https:\/\/topogstub.dk\/index.php?rest_route=%2Fwp%2Fv2%2Fmedia&parent=1713"}],"curies":[{"name":"wp","href":"https:\/\/api.w.org\/{rel}","templated":true}]}}